{"id":200,"date":"2023-08-16T10:43:05","date_gmt":"2023-08-16T08:43:05","guid":{"rendered":"https:\/\/gruposecoex.secoexrenovable.com\/?page_id=200"},"modified":"2023-08-31T13:04:25","modified_gmt":"2023-08-31T11:04:25","slug":"proyectos","status":"publish","type":"page","link":"https:\/\/gruposecoex.secoexrenovable.com\/index.php\/proyectos\/","title":{"rendered":"Proyectos"},"content":{"rendered":"\t\t<div data-elementor-type=\"wp-page\" data-elementor-id=\"200\" class=\"elementor elementor-200\" data-elementor-post-type=\"page\">\n\t\t\t\t\t\t\t\t\t<section class=\"elementor-section elementor-top-section elementor-element elementor-element-ed737a6 elementor-section-full_width elementor-section-height-default elementor-section-height-default\" data-id=\"ed737a6\" data-element_type=\"section\" data-settings=\"{&quot;background_background&quot;:&quot;slideshow&quot;,&quot;background_slideshow_gallery&quot;:[{&quot;id&quot;:97,&quot;url&quot;:&quot;http:\\\/\\\/gruposecoex.secoexrenovable.com\\\/wp-content\\\/uploads\\\/2023\\\/08\\\/OFICINAS-2-de-50-min-scaled-1.jpg&quot;}],&quot;background_slideshow_loop&quot;:&quot;yes&quot;,&quot;background_slideshow_slide_duration&quot;:5000,&quot;background_slideshow_slide_transition&quot;:&quot;fade&quot;,&quot;background_slideshow_transition_duration&quot;:500}\">\n\t\t\t\t\t\t\t<div class=\"elementor-background-overlay\"><\/div>\n\t\t\t\t\t\t\t<div class=\"elementor-container elementor-column-gap-default\">\n\t\t\t\t\t<div class=\"elementor-column elementor-col-100 elementor-top-column elementor-element elementor-element-dc60f9d\" data-id=\"dc60f9d\" data-element_type=\"column\">\n\t\t\t<div class=\"elementor-widget-wrap elementor-element-populated\">\n\t\t\t\t\t\t\t\t<div class=\"elementor-element elementor-element-5dc478d elementor-widget elementor-widget-spacer\" data-id=\"5dc478d\" data-element_type=\"widget\" data-widget_type=\"spacer.default\">\n\t\t\t\t<div class=\"elementor-widget-container\">\n\t\t\t<style>\/*! elementor - v3.15.0 - 09-08-2023 *\/\n.elementor-column .elementor-spacer-inner{height:var(--spacer-size)}.e-con{--container-widget-width:100%}.e-con-inner>.elementor-widget-spacer,.e-con>.elementor-widget-spacer{width:var(--container-widget-width,var(--spacer-size));--align-self:var(--container-widget-align-self,initial);--flex-shrink:0}.e-con-inner>.elementor-widget-spacer>.elementor-widget-container,.e-con-inner>.elementor-widget-spacer>.elementor-widget-container>.elementor-spacer,.e-con>.elementor-widget-spacer>.elementor-widget-container,.e-con>.elementor-widget-spacer>.elementor-widget-container>.elementor-spacer{height:100%}.e-con-inner>.elementor-widget-spacer>.elementor-widget-container>.elementor-spacer>.elementor-spacer-inner,.e-con>.elementor-widget-spacer>.elementor-widget-container>.elementor-spacer>.elementor-spacer-inner{height:var(--container-widget-height,var(--spacer-size))}<\/style>\t\t<div class=\"elementor-spacer\">\n\t\t\t<div class=\"elementor-spacer-inner\"><\/div>\n\t\t<\/div>\n\t\t\t\t<\/div>\n\t\t\t\t<\/div>\n\t\t\t\t<div class=\"elementor-element elementor-element-b864787 elementor-widget elementor-widget-spacer\" data-id=\"b864787\" data-element_type=\"widget\" data-widget_type=\"spacer.default\">\n\t\t\t\t<div class=\"elementor-widget-container\">\n\t\t\t\t\t<div class=\"elementor-spacer\">\n\t\t\t<div class=\"elementor-spacer-inner\"><\/div>\n\t\t<\/div>\n\t\t\t\t<\/div>\n\t\t\t\t<\/div>\n\t\t\t\t\t<\/div>\n\t\t<\/div>\n\t\t\t\t\t\t\t<\/div>\n\t\t<\/section>\n\t\t\t\t<section class=\"elementor-section elementor-top-section elementor-element elementor-element-0484777 elementor-section-full_width elementor-section-height-default elementor-section-height-default\" data-id=\"0484777\" data-element_type=\"section\">\n\t\t\t\t\t\t<div class=\"elementor-container elementor-column-gap-default\">\n\t\t\t\t\t<div class=\"elementor-column elementor-col-100 elementor-top-column elementor-element elementor-element-1e0fd3a\" data-id=\"1e0fd3a\" data-element_type=\"column\">\n\t\t\t<div class=\"elementor-widget-wrap elementor-element-populated\">\n\t\t\t\t\t\t\t\t<div class=\"elementor-element elementor-element-1684761 elementor-widget elementor-widget-heading\" data-id=\"1684761\" data-element_type=\"widget\" data-widget_type=\"heading.default\">\n\t\t\t\t<div class=\"elementor-widget-container\">\n\t\t\t<style>\/*! elementor - v3.15.0 - 09-08-2023 *\/\n.elementor-heading-title{padding:0;margin:0;line-height:1}.elementor-widget-heading .elementor-heading-title[class*=elementor-size-]>a{color:inherit;font-size:inherit;line-height:inherit}.elementor-widget-heading .elementor-heading-title.elementor-size-small{font-size:15px}.elementor-widget-heading .elementor-heading-title.elementor-size-medium{font-size:19px}.elementor-widget-heading .elementor-heading-title.elementor-size-large{font-size:29px}.elementor-widget-heading .elementor-heading-title.elementor-size-xl{font-size:39px}.elementor-widget-heading .elementor-heading-title.elementor-size-xxl{font-size:59px}<\/style><h1 class=\"elementor-heading-title elementor-size-default\">\u00daLTIMOS <b>prOYECTOS<\/b><\/h1>\t\t<\/div>\n\t\t\t\t<\/div>\n\t\t\t\t<div class=\"elementor-element elementor-element-514d08b elementor-grid-3 elementor-grid-tablet-2 elementor-grid-mobile-1 elementor-widget elementor-widget-portfolio\" data-id=\"514d08b\" data-element_type=\"widget\" data-settings=\"{&quot;row_gap&quot;:{&quot;unit&quot;:&quot;px&quot;,&quot;size&quot;:20,&quot;sizes&quot;:[]},&quot;item_ratio&quot;:{&quot;unit&quot;:&quot;px&quot;,&quot;size&quot;:0.8,&quot;sizes&quot;:[]},&quot;columns&quot;:&quot;3&quot;,&quot;columns_tablet&quot;:&quot;2&quot;,&quot;columns_mobile&quot;:&quot;1&quot;,&quot;item_gap&quot;:{&quot;unit&quot;:&quot;px&quot;,&quot;size&quot;:&quot;&quot;,&quot;sizes&quot;:[]}}\" data-widget_type=\"portfolio.default\">\n\t\t\t\t<div class=\"elementor-widget-container\">\n\t\t\t<link rel=\"stylesheet\" href=\"https:\/\/gruposecoex.secoexrenovable.com\/wp-content\/plugins\/elementor-pro\/assets\/css\/widget-posts.min.css\">\t\t<div class=\"elementor-portfolio elementor-grid elementor-posts-container\">\n\t\t\t\t<article class=\"elementor-portfolio-item elementor-post  post-682 post type-post status-publish format-standard has-post-thumbnail hentry category-proyectos tag-proteccion-contra-incendios entry\">\n\t\t\t<a class=\"elementor-post__thumbnail__link\" href=\"https:\/\/gruposecoex.secoexrenovable.com\/index.php\/2023\/01\/24\/red-contraincendios-en-el-area-logistica-bahia-de-algeciras\/\">\n\t\t\t\t<div class=\"elementor-portfolio-item__img elementor-post__thumbnail\">\n\t\t\t<img decoding=\"async\" src=\"https:\/\/gruposecoex.secoexrenovable.com\/wp-content\/uploads\/2023\/08\/Contra-Incendios-San-Roque_Mesa-de-trabajo-1.jpg\" title=\"Contra Incendios San Roque\" alt=\"Contra Incendios San Roque\" loading=\"lazy\" \/>\t\t<\/div>\n\t\t\t\t<div class=\"elementor-portfolio-item__overlay\">\n\t\t\t\t<h3 class=\"elementor-portfolio-item__title\">\n\t\tRed contraincendios en el \u00e1rea log\u00edstica Bah\u00eda de Algeciras\t\t<\/h3>\n\t\t\t\t<\/div>\n\t\t\t\t<\/a>\n\t\t<\/article>\n\t\t\t\t<article class=\"elementor-portfolio-item elementor-post  post-684 post type-post status-publish format-standard has-post-thumbnail hentry category-proyectos tag-sistemas-de-seguridad entry\">\n\t\t\t<a class=\"elementor-post__thumbnail__link\" href=\"https:\/\/gruposecoex.secoexrenovable.com\/index.php\/2022\/11\/03\/videovigilancia-y-sistema-de-seguridad-en-planta-fotovoltaica\/\">\n\t\t\t\t<div class=\"elementor-portfolio-item__img elementor-post__thumbnail\">\n\t\t\t<img decoding=\"async\" src=\"https:\/\/gruposecoex.secoexrenovable.com\/wp-content\/uploads\/2023\/08\/Videovigilante-Fotovoltaica_Mesa-de-trabajo-1.jpg\" title=\"Videovigilante Fotovoltaica\" alt=\"Videovigilante Fotovoltaica\" loading=\"lazy\" \/>\t\t<\/div>\n\t\t\t\t<div class=\"elementor-portfolio-item__overlay\">\n\t\t\t\t<h3 class=\"elementor-portfolio-item__title\">\n\t\tVideovigilancia y Sistema de Seguridad en Planta Fotovoltaica\t\t<\/h3>\n\t\t\t\t<\/div>\n\t\t\t\t<\/a>\n\t\t<\/article>\n\t\t\t\t<article class=\"elementor-portfolio-item elementor-post  post-690 post type-post status-publish format-standard has-post-thumbnail hentry category-proyectos tag-vigilancia entry\">\n\t\t\t<a class=\"elementor-post__thumbnail__link\" href=\"https:\/\/gruposecoex.secoexrenovable.com\/index.php\/2022\/07\/20\/vigilancia-en-partido-de-futbol-coria\/\">\n\t\t\t\t<div class=\"elementor-portfolio-item__img elementor-post__thumbnail\">\n\t\t\t<img decoding=\"async\" src=\"https:\/\/gruposecoex.secoexrenovable.com\/wp-content\/uploads\/2023\/08\/Vigilancia-Eventos.jpg\" title=\"Vigilancia Eventos\" alt=\"Vigilancia Eventos\" loading=\"lazy\" \/>\t\t<\/div>\n\t\t\t\t<div class=\"elementor-portfolio-item__overlay\">\n\t\t\t\t<h3 class=\"elementor-portfolio-item__title\">\n\t\tVigilancia en partido de f\u00fatbol Coria\t\t<\/h3>\n\t\t\t\t<\/div>\n\t\t\t\t<\/a>\n\t\t<\/article>\n\t\t\t\t<article class=\"elementor-portfolio-item elementor-post  post-588 post type-post status-publish format-standard has-post-thumbnail hentry category-proyectos tag-sistemas-de-seguridad entry\">\n\t\t\t<a class=\"elementor-post__thumbnail__link\" href=\"https:\/\/gruposecoex.secoexrenovable.com\/index.php\/2022\/07\/20\/instalacion-de-sistemas-de-seguridad-y-pci-en-el-edificio-caja-almendralejo\/\">\n\t\t\t\t<div class=\"elementor-portfolio-item__img elementor-post__thumbnail\">\n\t\t\t<img decoding=\"async\" src=\"https:\/\/gruposecoex.secoexrenovable.com\/wp-content\/uploads\/2023\/08\/Caja-Almendralejo.jpg\" title=\"Caja Almendralejo\" alt=\"Caja Almendralejo\" loading=\"lazy\" \/>\t\t<\/div>\n\t\t\t\t<div class=\"elementor-portfolio-item__overlay\">\n\t\t\t\t<h3 class=\"elementor-portfolio-item__title\">\n\t\tInstalaci\u00f3n de Sistemas de Seguridad y PCI en el Edificio Caja Almendralejo\t\t<\/h3>\n\t\t\t\t<\/div>\n\t\t\t\t<\/a>\n\t\t<\/article>\n\t\t\t\t<article class=\"elementor-portfolio-item elementor-post  post-686 post type-post status-publish format-standard has-post-thumbnail hentry category-proyectos tag-vigilancia entry\">\n\t\t\t<a class=\"elementor-post__thumbnail__link\" href=\"https:\/\/gruposecoex.secoexrenovable.com\/index.php\/2022\/07\/19\/vigilancia-en-el-museo-extremeno-iberoamericano-de-arte-contemporaneo\/\">\n\t\t\t\t<div class=\"elementor-portfolio-item__img elementor-post__thumbnail\">\n\t\t\t<img decoding=\"async\" src=\"https:\/\/gruposecoex.secoexrenovable.com\/wp-content\/uploads\/2023\/08\/Vigilancia-Museo-Iberoamericano_Mesa-de-trabajo-1.jpg\" title=\"Vigilancia Museo Iberoamericano\" alt=\"Vigilancia Museo Iberoamericano\" loading=\"lazy\" \/>\t\t<\/div>\n\t\t\t\t<div class=\"elementor-portfolio-item__overlay\">\n\t\t\t\t<h3 class=\"elementor-portfolio-item__title\">\n\t\tVigilancia en el Museo Extreme\u00f1o Iberoamericano de Arte Contempor\u00e1neo\t\t<\/h3>\n\t\t\t\t<\/div>\n\t\t\t\t<\/a>\n\t\t<\/article>\n\t\t\t\t<article class=\"elementor-portfolio-item elementor-post  post-688 post type-post status-publish format-standard has-post-thumbnail hentry category-proyectos tag-vigilancia entry\">\n\t\t\t<a class=\"elementor-post__thumbnail__link\" href=\"https:\/\/gruposecoex.secoexrenovable.com\/index.php\/2022\/07\/19\/vigilancia-en-la-almossassa\/\">\n\t\t\t\t<div class=\"elementor-portfolio-item__img elementor-post__thumbnail\">\n\t\t\t<img decoding=\"async\" src=\"https:\/\/gruposecoex.secoexrenovable.com\/wp-content\/uploads\/2023\/08\/Vigilancia-Almossassa_Mesa-de-trabajo-1.jpg\" title=\"Vigilancia Almossassa\" alt=\"Vigilancia Almossassa\" loading=\"lazy\" \/>\t\t<\/div>\n\t\t\t\t<div class=\"elementor-portfolio-item__overlay\">\n\t\t\t\t<h3 class=\"elementor-portfolio-item__title\">\n\t\tVigilancia en la Almossassa\t\t<\/h3>\n\t\t\t\t<\/div>\n\t\t\t\t<\/a>\n\t\t<\/article>\n\t\t\t\t<article class=\"elementor-portfolio-item elementor-post  post-524 post type-post status-publish format-standard has-post-thumbnail hentry category-proyectos tag-proteccion-contra-incendios entry\">\n\t\t\t<a class=\"elementor-post__thumbnail__link\" href=\"https:\/\/gruposecoex.secoexrenovable.com\/index.php\/2022\/07\/18\/instalacion-de-pci-en-edificio-torre-de-cibeles\/\">\n\t\t\t\t<div class=\"elementor-portfolio-item__img elementor-post__thumbnail\">\n\t\t\t<img decoding=\"async\" src=\"https:\/\/gruposecoex.secoexrenovable.com\/wp-content\/uploads\/2023\/08\/Torre-Cibeles_Mesa-de-trabajo-1-scaled.jpg\" title=\"Torre Cibeles\" alt=\"Torre Cibeles\" loading=\"lazy\" \/>\t\t<\/div>\n\t\t\t\t<div class=\"elementor-portfolio-item__overlay\">\n\t\t\t\t<h3 class=\"elementor-portfolio-item__title\">\n\t\tInstalaci\u00f3n de PCI en Edificio Torre de Cibeles\t\t<\/h3>\n\t\t\t\t<\/div>\n\t\t\t\t<\/a>\n\t\t<\/article>\n\t\t\t\t<article class=\"elementor-portfolio-item elementor-post  post-630 post type-post status-publish format-standard has-post-thumbnail hentry category-proyectos tag-proteccion-contra-incendios entry\">\n\t\t\t<a class=\"elementor-post__thumbnail__link\" href=\"https:\/\/gruposecoex.secoexrenovable.com\/index.php\/2022\/07\/18\/instalacion-pci-en-edificio-citrus-limited\/\">\n\t\t\t\t<div class=\"elementor-portfolio-item__img elementor-post__thumbnail\">\n\t\t\t<img decoding=\"async\" src=\"https:\/\/gruposecoex.secoexrenovable.com\/wp-content\/uploads\/2023\/08\/Edificio-Citrus-Limited.jpg\" title=\"Edificio Citrus Limited\" alt=\"Edificio Citrus Limited\" loading=\"lazy\" \/>\t\t<\/div>\n\t\t\t\t<div class=\"elementor-portfolio-item__overlay\">\n\t\t\t\t<h3 class=\"elementor-portfolio-item__title\">\n\t\tInstalaci\u00f3n PCI en Edificio Citrus Limited\t\t<\/h3>\n\t\t\t\t<\/div>\n\t\t\t\t<\/a>\n\t\t<\/article>\n\t\t\t\t<article class=\"elementor-portfolio-item elementor-post  post-544 post type-post status-publish format-standard has-post-thumbnail hentry category-proyectos tag-proteccion-contra-incendios entry\">\n\t\t\t<a class=\"elementor-post__thumbnail__link\" href=\"https:\/\/gruposecoex.secoexrenovable.com\/index.php\/2022\/07\/15\/instalacion-pci-en-hotel-barcelo-conil-playa\/\">\n\t\t\t\t<div class=\"elementor-portfolio-item__img elementor-post__thumbnail\">\n\t\t\t<img decoding=\"async\" src=\"https:\/\/gruposecoex.secoexrenovable.com\/wp-content\/uploads\/2022\/07\/Plantilla-Fotografias-Blog-Grupo-Secoex_Mesa-de-trabajo-1.jpg\" title=\"Hotel Barcelo Conil\" alt=\"Hotel Barcelo Conil\" loading=\"lazy\" \/>\t\t<\/div>\n\t\t\t\t<div class=\"elementor-portfolio-item__overlay\">\n\t\t\t\t<h3 class=\"elementor-portfolio-item__title\">\n\t\tInstalaci\u00f3n PCI en hotel Barcel\u00f3 Conil Playa\t\t<\/h3>\n\t\t\t\t<\/div>\n\t\t\t\t<\/a>\n\t\t<\/article>\n\t\t\t\t<article class=\"elementor-portfolio-item elementor-post  post-573 post type-post status-publish format-standard has-post-thumbnail hentry category-proyectos tag-sistemas-de-seguridad entry\">\n\t\t\t<a class=\"elementor-post__thumbnail__link\" href=\"https:\/\/gruposecoex.secoexrenovable.com\/index.php\/2022\/07\/14\/instalacion-de-sistemas-de-seguridad-en-edificio-ceinntec-la-atalaya\/\">\n\t\t\t\t<div class=\"elementor-portfolio-item__img elementor-post__thumbnail\">\n\t\t\t<img decoding=\"async\" src=\"https:\/\/gruposecoex.secoexrenovable.com\/wp-content\/uploads\/2023\/08\/Plantilla-Fotografias-Blog-Grupo-Secoex_Mesa-de-trabajo-1-4.jpg\" title=\"Edificio CEINNTEC &#8211; La Atalaya\" alt=\"Edificio CEINNTEC - La Atalaya\" loading=\"lazy\" \/>\t\t<\/div>\n\t\t\t\t<div class=\"elementor-portfolio-item__overlay\">\n\t\t\t\t<h3 class=\"elementor-portfolio-item__title\">\n\t\tInstalaci\u00f3n de Sistemas de Seguridad en Edificio CEINNTEC &#8211; La Atalaya\t\t<\/h3>\n\t\t\t\t<\/div>\n\t\t\t\t<\/a>\n\t\t<\/article>\n\t\t\t\t<article class=\"elementor-portfolio-item elementor-post  post-665 post type-post status-publish format-standard has-post-thumbnail hentry category-proyectos tag-proteccion-contra-incendios entry\">\n\t\t\t<a class=\"elementor-post__thumbnail__link\" href=\"https:\/\/gruposecoex.secoexrenovable.com\/index.php\/2022\/07\/14\/instalacion-pci-en-real-fabrica-de-artilleria\/\">\n\t\t\t\t<div class=\"elementor-portfolio-item__img elementor-post__thumbnail\">\n\t\t\t<img decoding=\"async\" src=\"https:\/\/gruposecoex.secoexrenovable.com\/wp-content\/uploads\/2023\/08\/Real-Fabrica-de-Artilleria_Mesa-de-trabajo-1.jpg\" title=\"Real F\u00e1brica de Artilleria\" alt=\"Real F\u00e1brica de Artilleria\" loading=\"lazy\" \/>\t\t<\/div>\n\t\t\t\t<div class=\"elementor-portfolio-item__overlay\">\n\t\t\t\t<h3 class=\"elementor-portfolio-item__title\">\n\t\tInstalaci\u00f3n PCI en Real F\u00e1brica de Artiller\u00eda\t\t<\/h3>\n\t\t\t\t<\/div>\n\t\t\t\t<\/a>\n\t\t<\/article>\n\t\t\t\t<article class=\"elementor-portfolio-item elementor-post  post-646 post type-post status-publish format-standard has-post-thumbnail hentry category-proyectos tag-proteccion-contra-incendios entry\">\n\t\t\t<a class=\"elementor-post__thumbnail__link\" href=\"https:\/\/gruposecoex.secoexrenovable.com\/index.php\/2022\/07\/14\/instalacion-pci-en-plataforma-logistica-de-badajoz\/\">\n\t\t\t\t<div class=\"elementor-portfolio-item__img elementor-post__thumbnail\">\n\t\t\t<img decoding=\"async\" src=\"https:\/\/gruposecoex.secoexrenovable.com\/wp-content\/uploads\/2023\/08\/Plataforma-Logistica_Mesa-de-trabajo-1.jpg\" title=\"Plataforma Logistica\" alt=\"Plataforma Logistica\" loading=\"lazy\" \/>\t\t<\/div>\n\t\t\t\t<div class=\"elementor-portfolio-item__overlay\">\n\t\t\t\t<h3 class=\"elementor-portfolio-item__title\">\n\t\tInstalaci\u00f3n PCI en plataforma Log\u00edstica de Badajoz\t\t<\/h3>\n\t\t\t\t<\/div>\n\t\t\t\t<\/a>\n\t\t<\/article>\n\t\t\t\t<article class=\"elementor-portfolio-item elementor-post  post-673 post type-post status-publish format-standard has-post-thumbnail hentry category-proyectos tag-proteccion-contra-incendios tag-sistemas-de-seguridad entry\">\n\t\t\t<a class=\"elementor-post__thumbnail__link\" href=\"https:\/\/gruposecoex.secoexrenovable.com\/index.php\/2022\/07\/14\/sistemas-de-seguridad-en-eurospar\/\">\n\t\t\t\t<div class=\"elementor-portfolio-item__img elementor-post__thumbnail\">\n\t\t\t<img decoding=\"async\" src=\"https:\/\/gruposecoex.secoexrenovable.com\/wp-content\/uploads\/2023\/08\/Eurospar_Mesa-de-trabajo-1.jpg\" title=\"Eurospar\" alt=\"Eurospar\" loading=\"lazy\" \/>\t\t<\/div>\n\t\t\t\t<div class=\"elementor-portfolio-item__overlay\">\n\t\t\t\t<h3 class=\"elementor-portfolio-item__title\">\n\t\tSistemas de Seguridad en EUROSPAR\t\t<\/h3>\n\t\t\t\t<\/div>\n\t\t\t\t<\/a>\n\t\t<\/article>\n\t\t\t\t<article class=\"elementor-portfolio-item elementor-post  post-616 post type-post status-publish format-standard has-post-thumbnail hentry category-proyectos tag-proteccion-contra-incendios entry\">\n\t\t\t<a class=\"elementor-post__thumbnail__link\" href=\"https:\/\/gruposecoex.secoexrenovable.com\/index.php\/2022\/07\/14\/instalacion-pci-en-conesa-group\/\">\n\t\t\t\t<div class=\"elementor-portfolio-item__img elementor-post__thumbnail\">\n\t\t\t<img decoding=\"async\" src=\"https:\/\/gruposecoex.secoexrenovable.com\/wp-content\/uploads\/2023\/08\/Conesa_Mesa-de-trabajo-1.jpg\" title=\"Conesa\" alt=\"Conesa\" loading=\"lazy\" \/>\t\t<\/div>\n\t\t\t\t<div class=\"elementor-portfolio-item__overlay\">\n\t\t\t\t<h3 class=\"elementor-portfolio-item__title\">\n\t\tInstalaci\u00f3n PCI en Conesa Group\t\t<\/h3>\n\t\t\t\t<\/div>\n\t\t\t\t<\/a>\n\t\t<\/article>\n\t\t\t\t<article class=\"elementor-portfolio-item elementor-post  post-611 post type-post status-publish format-standard has-post-thumbnail hentry category-proyectos tag-proteccion-contra-incendios tag-sistemas-de-seguridad entry\">\n\t\t\t<a class=\"elementor-post__thumbnail__link\" href=\"https:\/\/gruposecoex.secoexrenovable.com\/index.php\/2022\/07\/14\/instalacion-de-sistemas-en-los-juzgados-de-badajoz\/\">\n\t\t\t\t<div class=\"elementor-portfolio-item__img elementor-post__thumbnail\">\n\t\t\t<img decoding=\"async\" src=\"https:\/\/gruposecoex.secoexrenovable.com\/wp-content\/uploads\/2023\/08\/Juzgados-Badajoz.jpg\" title=\"Juzgados Badajoz\" alt=\"Juzgados Badajoz\" loading=\"lazy\" \/>\t\t<\/div>\n\t\t\t\t<div class=\"elementor-portfolio-item__overlay\">\n\t\t\t\t<h3 class=\"elementor-portfolio-item__title\">\n\t\tInstalaci\u00f3n de Sistemas en los Juzgados de Badajoz\t\t<\/h3>\n\t\t\t\t<\/div>\n\t\t\t\t<\/a>\n\t\t<\/article>\n\t\t\t\t<\/div>\n\t\t\t\t<\/div>\n\t\t\t\t<\/div>\n\t\t\t\t\t<\/div>\n\t\t<\/div>\n\t\t\t\t\t\t\t<\/div>\n\t\t<\/section>\n\t\t\t\t\t\t\t<\/div>\n\t\t","protected":false},"excerpt":{"rendered":"<p>\u00daLTIMOS prOYECTOS<\/p>\n","protected":false},"author":1,"featured_media":0,"parent":0,"menu_order":0,"comment_status":"closed","ping_status":"closed","template":"elementor_header_footer","meta":{"footnotes":""},"class_list":["post-200","page","type-page","status-publish","hentry","entry"],"_links":{"self":[{"href":"https:\/\/gruposecoex.secoexrenovable.com\/index.php\/wp-json\/wp\/v2\/pages\/200","targetHints":{"allow":["GET"]}}],"collection":[{"href":"https:\/\/gruposecoex.secoexrenovable.com\/index.php\/wp-json\/wp\/v2\/pages"}],"about":[{"href":"https:\/\/gruposecoex.secoexrenovable.com\/index.php\/wp-json\/wp\/v2\/types\/page"}],"author":[{"embeddable":true,"href":"https:\/\/gruposecoex.secoexrenovable.com\/index.php\/wp-json\/wp\/v2\/users\/1"}],"replies":[{"embeddable":true,"href":"https:\/\/gruposecoex.secoexrenovable.com\/index.php\/wp-json\/wp\/v2\/comments?post=200"}],"version-history":[{"count":10,"href":"https:\/\/gruposecoex.secoexrenovable.com\/index.php\/wp-json\/wp\/v2\/pages\/200\/revisions"}],"predecessor-version":[{"id":768,"href":"https:\/\/gruposecoex.secoexrenovable.com\/index.php\/wp-json\/wp\/v2\/pages\/200\/revisions\/768"}],"wp:attachment":[{"href":"https:\/\/gruposecoex.secoexrenovable.com\/index.php\/wp-json\/wp\/v2\/media?parent=200"}],"curies":[{"name":"wp","href":"https:\/\/api.w.org\/{rel}","templated":true}]}}