{"id":195,"date":"2023-08-16T10:35:59","date_gmt":"2023-08-16T08:35:59","guid":{"rendered":"https:\/\/gruposecoex.secoexrenovable.com\/?page_id=195"},"modified":"2023-08-16T10:41:54","modified_gmt":"2023-08-16T08:41:54","slug":"politica-integrada-de-gestion","status":"publish","type":"page","link":"https:\/\/gruposecoex.secoexrenovable.com\/index.php\/politica-integrada-de-gestion\/","title":{"rendered":"Pol\u00edtica integrada de gesti\u00f3n"},"content":{"rendered":"\t\t<div data-elementor-type=\"wp-page\" data-elementor-id=\"195\" class=\"elementor elementor-195\" data-elementor-post-type=\"page\">\n\t\t\t\t\t\t\t\t\t<section class=\"elementor-section elementor-top-section elementor-element elementor-element-bdb1279 elementor-section-boxed elementor-section-height-default elementor-section-height-default\" data-id=\"bdb1279\" data-element_type=\"section\">\n\t\t\t\t\t\t<div class=\"elementor-container elementor-column-gap-default\">\n\t\t\t\t\t<div class=\"elementor-column elementor-col-100 elementor-top-column elementor-element elementor-element-88f609d\" data-id=\"88f609d\" data-element_type=\"column\">\n\t\t\t<div class=\"elementor-widget-wrap elementor-element-populated\">\n\t\t\t\t\t\t\t\t<div class=\"elementor-element elementor-element-bc19f91 elementor-widget elementor-widget-spacer\" data-id=\"bc19f91\" data-element_type=\"widget\" data-widget_type=\"spacer.default\">\n\t\t\t\t<div class=\"elementor-widget-container\">\n\t\t\t<style>\/*! elementor - v3.15.0 - 09-08-2023 *\/\n.elementor-column .elementor-spacer-inner{height:var(--spacer-size)}.e-con{--container-widget-width:100%}.e-con-inner>.elementor-widget-spacer,.e-con>.elementor-widget-spacer{width:var(--container-widget-width,var(--spacer-size));--align-self:var(--container-widget-align-self,initial);--flex-shrink:0}.e-con-inner>.elementor-widget-spacer>.elementor-widget-container,.e-con-inner>.elementor-widget-spacer>.elementor-widget-container>.elementor-spacer,.e-con>.elementor-widget-spacer>.elementor-widget-container,.e-con>.elementor-widget-spacer>.elementor-widget-container>.elementor-spacer{height:100%}.e-con-inner>.elementor-widget-spacer>.elementor-widget-container>.elementor-spacer>.elementor-spacer-inner,.e-con>.elementor-widget-spacer>.elementor-widget-container>.elementor-spacer>.elementor-spacer-inner{height:var(--container-widget-height,var(--spacer-size))}<\/style>\t\t<div class=\"elementor-spacer\">\n\t\t\t<div class=\"elementor-spacer-inner\"><\/div>\n\t\t<\/div>\n\t\t\t\t<\/div>\n\t\t\t\t<\/div>\n\t\t\t\t<div class=\"elementor-element elementor-element-327c380 elementor-widget__width-initial elementor-widget elementor-widget-heading\" data-id=\"327c380\" data-element_type=\"widget\" data-widget_type=\"heading.default\">\n\t\t\t\t<div class=\"elementor-widget-container\">\n\t\t\t<style>\/*! elementor - v3.15.0 - 09-08-2023 *\/\n.elementor-heading-title{padding:0;margin:0;line-height:1}.elementor-widget-heading .elementor-heading-title[class*=elementor-size-]>a{color:inherit;font-size:inherit;line-height:inherit}.elementor-widget-heading .elementor-heading-title.elementor-size-small{font-size:15px}.elementor-widget-heading .elementor-heading-title.elementor-size-medium{font-size:19px}.elementor-widget-heading .elementor-heading-title.elementor-size-large{font-size:29px}.elementor-widget-heading .elementor-heading-title.elementor-size-xl{font-size:39px}.elementor-widget-heading .elementor-heading-title.elementor-size-xxl{font-size:59px}<\/style><h1 class=\"elementor-heading-title elementor-size-default\">POL\u00cdTICA INTEGRADA DE GESTI\u00d3N<\/h1>\t\t<\/div>\n\t\t\t\t<\/div>\n\t\t\t\t<div class=\"elementor-element elementor-element-8721561 elementor-widget elementor-widget-spacer\" data-id=\"8721561\" data-element_type=\"widget\" data-widget_type=\"spacer.default\">\n\t\t\t\t<div class=\"elementor-widget-container\">\n\t\t\t\t\t<div class=\"elementor-spacer\">\n\t\t\t<div class=\"elementor-spacer-inner\"><\/div>\n\t\t<\/div>\n\t\t\t\t<\/div>\n\t\t\t\t<\/div>\n\t\t\t\t<div class=\"elementor-element elementor-element-d2a6b8c elementor-widget elementor-widget-text-editor\" data-id=\"d2a6b8c\" data-element_type=\"widget\" data-widget_type=\"text-editor.default\">\n\t\t\t\t<div class=\"elementor-widget-container\">\n\t\t\t<style>\/*! elementor - v3.15.0 - 09-08-2023 *\/\n.elementor-widget-text-editor.elementor-drop-cap-view-stacked .elementor-drop-cap{background-color:#69727d;color:#fff}.elementor-widget-text-editor.elementor-drop-cap-view-framed .elementor-drop-cap{color:#69727d;border:3px solid;background-color:transparent}.elementor-widget-text-editor:not(.elementor-drop-cap-view-default) .elementor-drop-cap{margin-top:8px}.elementor-widget-text-editor:not(.elementor-drop-cap-view-default) .elementor-drop-cap-letter{width:1em;height:1em}.elementor-widget-text-editor .elementor-drop-cap{float:left;text-align:center;line-height:1;font-size:50px}.elementor-widget-text-editor .elementor-drop-cap-letter{display:inline-block}<\/style>\t\t\t\t<p>La direcci\u00f3n de SEGURIDAD INTEGRAL SECOEX S.A. tiene como finalidad conseguir la mejora continua de sus servicios. Para lograr este reto, la organizaci\u00f3n asume el compromiso de desarrollar sus actividades de:<\/p><p>\u00a0<\/p><p>Servicios de vigilancia y protecci\u00f3n de bienes mediante vigilantes de seguridad e instalaci\u00f3n y mantenimiento de sistemas electr\u00f3nicos de seguridad contra robos e incendios, circuitos cerrados de televisi\u00f3n, sistemas de extinci\u00f3n de incendios y Central Receptora de Alarmas. Prestaci\u00f3n de servicios auxiliares de porter\u00eda, control de accesos e informaci\u00f3n al p\u00fablico, operadores de recepci\u00f3n de se\u00f1ales de alarma, trabajos administrativos de archivos y teleoperadores. Instalaci\u00f3n\u00a0 y mantenimiento de sistemas fotovoltaicos.\u00a0<\/p><p>\u00a0<\/p><p>Teniendo como principal objetivo, alcanzar los m\u00e1s altos niveles de excelencia. Para la consecuci\u00f3n de este desaf\u00edo, la Direcci\u00f3n apoyar\u00e1, con todos los recursos necesarios, el Sistema de Gesti\u00f3n de Calidad, Medio Ambiente y Seguridad y Salud en el Trabajo implantado en la organizaci\u00f3n, y que se centra en unos principios fundamentales:<\/p><p>\u00a0<\/p><p>&#8211; <span style=\"text-decoration: underline;\">Cumplir<\/span> con los requisitos que sean de aplicaci\u00f3n a la organizaci\u00f3n y otros requisitos.<\/p><p>&#8211; La <span style=\"text-decoration: underline;\">fiabilidad de las instalaciones realizadas<\/span> y del mantenimiento de las mismas, cumpliendo todos los requisitos medioambientales legales aplicables.\u00a0<\/p><p>&#8211; La <span style=\"text-decoration: underline;\">garant\u00eda de protecci\u00f3n<\/span> prestada por nuestros equipos.<\/p><p>&#8211; La <span style=\"text-decoration: underline;\">garant\u00eda de valor a\u00f1adido<\/span> generada por nuestros servicios de auxiliares.\u00a0<\/p><p>&#8211; <span style=\"text-decoration: underline;\">Prevenir<\/span> la contaminaci\u00f3n, asegurar la protecci\u00f3n del Medioambiente y contribuir al ahorro energ\u00e9tico.\u00a0<\/p><p>&#8211; Proporcionar condiciones de trabajo seguras y saludables para la <span style=\"text-decoration: underline;\">prevenci\u00f3n de lesiones y deterioro de la salud<\/span> en el trabajo de manera que se eliminen los peligros y se reduzcan los riesgos para la seguridad y salud en el trabajo.<\/p><p>&#8211; <span style=\"text-decoration: underline;\">Establecer<\/span> planes formativos peri\u00f3dicos y evaluaciones de los mismos, que incidan en las necesidades del personal para, mejorar las competencias de los trabajadores y asegurar as\u00ed la excelencia de nuestros servicios.\u00a0<\/p><p>&#8211; <span style=\"text-decoration: underline;\">Comunicar y difundir esta pol\u00edtica<\/span> a todas las partes interesadas (trabajadores, subcontratistas, administraci\u00f3n, clientes,\u2026) para concienciar de la importancia de la implantaci\u00f3n del Sistema de Gesti\u00f3n en la organizaci\u00f3n.<\/p><p>&#8211; <span style=\"text-decoration: underline;\">Desarrollar, transmitir y verificar peri\u00f3dicamente<\/span> el cumplimiento de los objetivos establecidos en la organizaci\u00f3n. Los objetivos se alinean de manera coherente con los principios de la compa\u00f1\u00eda, que se encuentran plasmados en la presente pol\u00edtica.<\/p><p>&#8211; Asegurar la <span style=\"text-decoration: underline;\">consulta y participaci\u00f3n<\/span> de los trabajadores.\u00a0<\/p><p>&#8211; <span style=\"text-decoration: underline;\">Exigir<\/span> a las organizaciones que trabajen con nosotros, los m\u00e1s altos est\u00e1ndares de calidad, Seguridad y Salud y Medio Ambiente, cercior\u00e1ndonos de que gestionan sus materias primas y residuos de manera adecuada.\u00a0<\/p><p>&#8211; <span style=\"text-decoration: underline;\">Conseguir<\/span> la excelencia a trav\u00e9s de la implantaci\u00f3n peri\u00f3dica de acciones de mejora.<\/p><p>\u00a0<\/p><p>La direcci\u00f3n de GRUPO SECOEX est\u00e1, personal y directamente, comprometida con las premisas arriba descritas. Con esta finalidad aporta los recursos necesarios para lograr los objetivos propuestos, dedicando especial atenci\u00f3n a implicar y motivar a todos y cada uno de los integrantes de la organizaci\u00f3n.<\/p>\t\t\t\t\t\t<\/div>\n\t\t\t\t<\/div>\n\t\t\t\t\t<\/div>\n\t\t<\/div>\n\t\t\t\t\t\t\t<\/div>\n\t\t<\/section>\n\t\t\t\t\t\t\t<\/div>\n\t\t","protected":false},"excerpt":{"rendered":"<p>POL\u00cdTICA INTEGRADA DE GESTI\u00d3N La direcci\u00f3n de SEGURIDAD INTEGRAL SECOEX S.A. tiene como finalidad conseguir la mejora continua de sus servicios. Para lograr este reto, la organizaci\u00f3n asume el compromiso de desarrollar sus actividades de: \u00a0 Servicios de vigilancia y protecci\u00f3n de bienes mediante vigilantes de seguridad e instalaci\u00f3n y mantenimiento de sistemas electr\u00f3nicos de&hellip; <a class=\"more-link\" href=\"https:\/\/gruposecoex.secoexrenovable.com\/index.php\/politica-integrada-de-gestion\/\">Seguir leyendo <span class=\"screen-reader-text\">Pol\u00edtica integrada de gesti\u00f3n<\/span><\/a><\/p>\n","protected":false},"author":1,"featured_media":0,"parent":0,"menu_order":0,"comment_status":"closed","ping_status":"closed","template":"elementor_header_footer","meta":{"footnotes":""},"class_list":["post-195","page","type-page","status-publish","hentry","entry"],"_links":{"self":[{"href":"https:\/\/gruposecoex.secoexrenovable.com\/index.php\/wp-json\/wp\/v2\/pages\/195","targetHints":{"allow":["GET"]}}],"collection":[{"href":"https:\/\/gruposecoex.secoexrenovable.com\/index.php\/wp-json\/wp\/v2\/pages"}],"about":[{"href":"https:\/\/gruposecoex.secoexrenovable.com\/index.php\/wp-json\/wp\/v2\/types\/page"}],"author":[{"embeddable":true,"href":"https:\/\/gruposecoex.secoexrenovable.com\/index.php\/wp-json\/wp\/v2\/users\/1"}],"replies":[{"embeddable":true,"href":"https:\/\/gruposecoex.secoexrenovable.com\/index.php\/wp-json\/wp\/v2\/comments?post=195"}],"version-history":[{"count":4,"href":"https:\/\/gruposecoex.secoexrenovable.com\/index.php\/wp-json\/wp\/v2\/pages\/195\/revisions"}],"predecessor-version":[{"id":199,"href":"https:\/\/gruposecoex.secoexrenovable.com\/index.php\/wp-json\/wp\/v2\/pages\/195\/revisions\/199"}],"wp:attachment":[{"href":"https:\/\/gruposecoex.secoexrenovable.com\/index.php\/wp-json\/wp\/v2\/media?parent=195"}],"curies":[{"name":"wp","href":"https:\/\/api.w.org\/{rel}","templated":true}]}}