{"id":184,"date":"2023-08-16T09:54:46","date_gmt":"2023-08-16T07:54:46","guid":{"rendered":"https:\/\/gruposecoex.secoexrenovable.com\/?page_id=184"},"modified":"2023-08-16T09:58:26","modified_gmt":"2023-08-16T07:58:26","slug":"politica-de-proteccion-de-datos","status":"publish","type":"page","link":"https:\/\/gruposecoex.secoexrenovable.com\/index.php\/politica-de-proteccion-de-datos\/","title":{"rendered":"Pol\u00edtica de Protecci\u00f3n de Datos"},"content":{"rendered":"\t\t<div data-elementor-type=\"wp-page\" data-elementor-id=\"184\" class=\"elementor elementor-184\" data-elementor-post-type=\"page\">\n\t\t\t\t\t\t\t\t\t<section class=\"elementor-section elementor-top-section elementor-element elementor-element-2bc4a7d elementor-section-boxed elementor-section-height-default elementor-section-height-default\" data-id=\"2bc4a7d\" data-element_type=\"section\">\n\t\t\t\t\t\t<div class=\"elementor-container elementor-column-gap-default\">\n\t\t\t\t\t<div class=\"elementor-column elementor-col-100 elementor-top-column elementor-element elementor-element-5947d7e\" data-id=\"5947d7e\" data-element_type=\"column\">\n\t\t\t<div class=\"elementor-widget-wrap elementor-element-populated\">\n\t\t\t\t\t\t\t\t<div class=\"elementor-element elementor-element-e070ff2 elementor-widget elementor-widget-spacer\" data-id=\"e070ff2\" data-element_type=\"widget\" data-widget_type=\"spacer.default\">\n\t\t\t\t<div class=\"elementor-widget-container\">\n\t\t\t<style>\/*! elementor - v3.15.0 - 09-08-2023 *\/\n.elementor-column .elementor-spacer-inner{height:var(--spacer-size)}.e-con{--container-widget-width:100%}.e-con-inner>.elementor-widget-spacer,.e-con>.elementor-widget-spacer{width:var(--container-widget-width,var(--spacer-size));--align-self:var(--container-widget-align-self,initial);--flex-shrink:0}.e-con-inner>.elementor-widget-spacer>.elementor-widget-container,.e-con-inner>.elementor-widget-spacer>.elementor-widget-container>.elementor-spacer,.e-con>.elementor-widget-spacer>.elementor-widget-container,.e-con>.elementor-widget-spacer>.elementor-widget-container>.elementor-spacer{height:100%}.e-con-inner>.elementor-widget-spacer>.elementor-widget-container>.elementor-spacer>.elementor-spacer-inner,.e-con>.elementor-widget-spacer>.elementor-widget-container>.elementor-spacer>.elementor-spacer-inner{height:var(--container-widget-height,var(--spacer-size))}<\/style>\t\t<div class=\"elementor-spacer\">\n\t\t\t<div class=\"elementor-spacer-inner\"><\/div>\n\t\t<\/div>\n\t\t\t\t<\/div>\n\t\t\t\t<\/div>\n\t\t\t\t<div class=\"elementor-element elementor-element-f458749 elementor-widget__width-initial elementor-widget elementor-widget-heading\" data-id=\"f458749\" data-element_type=\"widget\" data-widget_type=\"heading.default\">\n\t\t\t\t<div class=\"elementor-widget-container\">\n\t\t\t<style>\/*! elementor - v3.15.0 - 09-08-2023 *\/\n.elementor-heading-title{padding:0;margin:0;line-height:1}.elementor-widget-heading .elementor-heading-title[class*=elementor-size-]>a{color:inherit;font-size:inherit;line-height:inherit}.elementor-widget-heading .elementor-heading-title.elementor-size-small{font-size:15px}.elementor-widget-heading .elementor-heading-title.elementor-size-medium{font-size:19px}.elementor-widget-heading .elementor-heading-title.elementor-size-large{font-size:29px}.elementor-widget-heading .elementor-heading-title.elementor-size-xl{font-size:39px}.elementor-widget-heading .elementor-heading-title.elementor-size-xxl{font-size:59px}<\/style><h1 class=\"elementor-heading-title elementor-size-default\">POL\u00cdTICA DE PROTECCI\u00d3N DE DATOS<\/h1>\t\t<\/div>\n\t\t\t\t<\/div>\n\t\t\t\t<div class=\"elementor-element elementor-element-064d9c2 elementor-widget elementor-widget-spacer\" data-id=\"064d9c2\" data-element_type=\"widget\" data-widget_type=\"spacer.default\">\n\t\t\t\t<div class=\"elementor-widget-container\">\n\t\t\t\t\t<div class=\"elementor-spacer\">\n\t\t\t<div class=\"elementor-spacer-inner\"><\/div>\n\t\t<\/div>\n\t\t\t\t<\/div>\n\t\t\t\t<\/div>\n\t\t\t\t<div class=\"elementor-element elementor-element-e78ad22 elementor-widget elementor-widget-text-editor\" data-id=\"e78ad22\" data-element_type=\"widget\" data-widget_type=\"text-editor.default\">\n\t\t\t\t<div class=\"elementor-widget-container\">\n\t\t\t<style>\/*! elementor - v3.15.0 - 09-08-2023 *\/\n.elementor-widget-text-editor.elementor-drop-cap-view-stacked .elementor-drop-cap{background-color:#69727d;color:#fff}.elementor-widget-text-editor.elementor-drop-cap-view-framed .elementor-drop-cap{color:#69727d;border:3px solid;background-color:transparent}.elementor-widget-text-editor:not(.elementor-drop-cap-view-default) .elementor-drop-cap{margin-top:8px}.elementor-widget-text-editor:not(.elementor-drop-cap-view-default) .elementor-drop-cap-letter{width:1em;height:1em}.elementor-widget-text-editor .elementor-drop-cap{float:left;text-align:center;line-height:1;font-size:50px}.elementor-widget-text-editor .elementor-drop-cap-letter{display:inline-block}<\/style>\t\t\t\t<p>SEGURIDAD INTEGRAL SECOEX S.A. (la \u00abEMPRESA\u00bb) es una Organizaci\u00f3n en la que se dan actividades de tratamientos de datos de car\u00e1cter personal, lo que le atribuye una importante responsabilidad en el dise\u00f1o y organizaci\u00f3n de procedimientos de modo que est\u00e9n alineados con el cumplimiento legal en esta materia.\u00a0<\/p><p>\u00a0<\/p><p>En el ejercicio de estas responsabilidades y con el objetivo de establecer los principios generales que deben regir el tratamiendo de los datos de car\u00e1cter personal de la Empresa, aprueba esta Pol\u00edtica de protecci\u00f3n de datos de car\u00e1cter personal, que notifica a sus Empleados y pone a disposici\u00f3n de todos sus grupos de inter\u00e9s.\u00a0<\/p>\t\t\t\t\t\t<\/div>\n\t\t\t\t<\/div>\n\t\t\t\t<div class=\"elementor-element elementor-element-0ef64fd elementor-widget elementor-widget-heading\" data-id=\"0ef64fd\" data-element_type=\"widget\" data-widget_type=\"heading.default\">\n\t\t\t\t<div class=\"elementor-widget-container\">\n\t\t\t<h2 class=\"elementor-heading-title elementor-size-default\">1. Finalidad<\/h2>\t\t<\/div>\n\t\t\t\t<\/div>\n\t\t\t\t<div class=\"elementor-element elementor-element-e8b7400 elementor-widget elementor-widget-text-editor\" data-id=\"e8b7400\" data-element_type=\"widget\" data-widget_type=\"text-editor.default\">\n\t\t\t\t<div class=\"elementor-widget-container\">\n\t\t\t\t\t\t\t<p>La Pol\u00edtica de protecci\u00f3n de datos de car\u00e1cter personal es una medida de Responsabilidad proactiva que tiene la finalidad de asegurar el cumplimiento de la legislaci\u00f3n aplicable en esta materia y relaci\u00f3n a \u00e9sta, el respeto del derecho de honor y a la intimidad en el tratamiento de los datos de car\u00e1cter personal a todas las personas que se relacionan con La Empresa.<\/p><p>\u00a0<\/p><p>En desarrollo a lo dispuesto en estas Pol\u00edticas de Protecci\u00f3n de datos de car\u00e1cter personal, se establecen cu\u00e1les son los Principios que rigen el tratamiento de datos en la organizaci\u00f3n y en consecuencia, los procedimientos, y las medidas organizativas y de seguridad que las personas afectadas por esta Pol\u00edtica se comprometen a implementar en su \u00e1mbito de responsabilidad.\u00a0<\/p><p>\u00a0<\/p><p>Con este fin, SEGURIDAD INTEGRAL SECOEX S.A. con direcci\u00f3n C\/ NEVERO DOCE, 6 &#8211; NAVE A17\/18 &#8211; 06006 BADAJOZ (BADAJOZ) y correo electr\u00f3nico info@gruposecoex.com, conjuntamente con la Direcci\u00f3n asignar\u00e1n las responsabilidades al personal que participa en las operaciones de tratamiento de datos.\u00a0<\/p>\t\t\t\t\t\t<\/div>\n\t\t\t\t<\/div>\n\t\t\t\t<div class=\"elementor-element elementor-element-497fbd5 elementor-widget elementor-widget-heading\" data-id=\"497fbd5\" data-element_type=\"widget\" data-widget_type=\"heading.default\">\n\t\t\t\t<div class=\"elementor-widget-container\">\n\t\t\t<h2 class=\"elementor-heading-title elementor-size-default\">2. \u00c1mbito de aplicaci\u00f3n<\/h2>\t\t<\/div>\n\t\t\t\t<\/div>\n\t\t\t\t<div class=\"elementor-element elementor-element-b4af182 elementor-widget elementor-widget-text-editor\" data-id=\"b4af182\" data-element_type=\"widget\" data-widget_type=\"text-editor.default\">\n\t\t\t\t<div class=\"elementor-widget-container\">\n\t\t\t\t\t\t\t<p>Esta Pol\u00edtica de Protecci\u00f3n de datos de car\u00e1cter personal ser\u00e1 de aplicaci\u00f3n a la Empresa, a sus trabajadores, directivos y empleados, as\u00ed como a todas las personas que se relacionen con ella, con inclusi\u00f3n expresa de los proveedores de servicio con acceso a datos (\u00abEncargados de tratamiento\u00bb).\u00a0<\/p>\t\t\t\t\t\t<\/div>\n\t\t\t\t<\/div>\n\t\t\t\t<div class=\"elementor-element elementor-element-950320d elementor-widget elementor-widget-heading\" data-id=\"950320d\" data-element_type=\"widget\" data-widget_type=\"heading.default\">\n\t\t\t\t<div class=\"elementor-widget-container\">\n\t\t\t<h2 class=\"elementor-heading-title elementor-size-default\">3. Principios del tratamiento de datos de car\u00e1cter personal<\/h2>\t\t<\/div>\n\t\t\t\t<\/div>\n\t\t\t\t<div class=\"elementor-element elementor-element-5f9d80f elementor-widget elementor-widget-text-editor\" data-id=\"5f9d80f\" data-element_type=\"widget\" data-widget_type=\"text-editor.default\">\n\t\t\t\t<div class=\"elementor-widget-container\">\n\t\t\t\t\t\t\t<p>Como principio general, la EMPRESA cumplir\u00e1 escrupulosamente con la legislaci\u00f3n en materia de protecci\u00f3n de datos de car\u00e1cter personal y debe ser capaz de demostrarlo (Principio de \u00abresponsabilidad proactiva\u00bb), prestando especial atenci\u00f3n a aquellos tratamientos que puedan suponer un mayor riesgo para los derechos de los afectados (Principio de \u00abenfoque de riesgo\u00bb).<\/p><p>\u00a0<\/p><p>En relaci\u00f3n a lo expuesto SEGURIDAD INTEGRAL SECOEX S.A., velar\u00e1 por el cumplimiento de los siguientes principios:<\/p><p>\u00a0<\/p><p><strong>1. Licitud, lealtad, transparencia y limitaci\u00f3n de la finalidad.<\/strong> El tratamiento de datos siempre deber\u00e1 ser informado al afectado, mediante cl\u00e1usulas y otros procedimientos; y s\u00f3lo se considerar\u00e1 leg\u00edtimo si hay consentimiento para el tratamiento de datos (con especial atenci\u00f3n al prestado por los menores de edad), o cuenta con otra legitimaci\u00f3n v\u00e1lida y la finalidad del mismo es acorde a Normativa.<\/p><p>\u00a0<\/p><p><strong>2. Minimizaci\u00f3n de datos.<\/strong> Los datos tratados deber\u00e1n ser adecuados, pertinentes y limitados a lo necesario en relaci\u00f3n a los fines del tratamiento.<\/p><p>\u00a0<\/p><p><strong>3. Exactitud.<\/strong> Los datos deber\u00e1n ser exactos y, si fuera necesario, actualizados. A este respecto se adoptar\u00e1n las medidas necesarias para que se supriman o rectifiquen sin dilaci\u00f3n los datos personales que sean inexactos con respecto a los fines del tratamiento.<\/p><p>\u00a0<\/p><p><strong>4. Limitaci\u00f3n del plazo de conservaci\u00f3n.<\/strong> Los datos ser\u00e1n mantenidos de forma que se permita la identificaci\u00f3n de los interesados durante no m\u00e1s tiempo del necesario para los fines del tratamiento.<\/p><p>\u00a0<\/p><p><strong>5. Integridad y confidencialidad.<\/strong> Los datos ser\u00e1n tratados de tal manera que se garantice una seguridad adecuada de los datos personales, incluida la protecci\u00f3n contra el tratamiento no autorizado o il\u00edcito y contra su p\u00e9rdida, destrucci\u00f3n o da\u00f1o accidental, mediante la aplicaci\u00f3n de las medidas t\u00e9cnicas u organizativas apropiadas.<\/p><p>\u00a0<\/p><p><strong>6. Cesiones de datos.<\/strong> Queda prohibida la compra u obtenci\u00f3n de datos de car\u00e1cter personal de fuentes ileg\u00edtimas o en aquellos casos en los que dichos datos hayan sido recabados o cedidos contraviniendo la ley o no se garantice suficientemente su leg\u00edtima procedencia.<\/p><p>\u00a0<\/p><p><strong>7. Contrataci\u00f3n de proveedores con acceso a datos.<\/strong> Solo se elegir\u00e1n para su contrataci\u00f3n a proveedores que ofrezcan garant\u00edas suficientes para aplicar medidas t\u00e9cnicas de seguridad apropiadas en el tratamiento de datos. Con estos terceros se documentar\u00e1 el debido Acuerdo a este respecto.<\/p><p>\u00a0<\/p><p><strong>8. Trasferencias internacionales de datos.<\/strong> Todo tratamiento de datos de car\u00e1cter personal sujeto a normativa de la Uni\u00f3n Europea que implique una transferencia de datos fuera del Espacio Econ\u00f3mico deber\u00e1 llevarse a cabo con estricto cumplimiento de los requisitos establecidos en la ley aplicable.<\/p><p>\u00a0<\/p><p><strong>9. Derechos de los afectados.<\/strong> La EMPRESA facilitar\u00e1 a los afectados el ejercicio de los derechos de acceso, rectificaci\u00f3n, supresi\u00f3n, limitaci\u00f3n del tratamiento, oposici\u00f3n y portabilidad, estableciendo a tal efecto los procedimientos internos, y en particular los modelos para su ejercicio que resulten necesarios y oportunos, los cuales deber\u00e1n satisfacer, al menos, los requisitos legales aplicables en cada caso.<\/p><p>La EMPRESA promover\u00e1 que los principios recogidos en esta Pol\u00edtica de protecci\u00f3n de datos de car\u00e1cter personal sean tenidos en cuenta (i) en el dise\u00f1o e implementaci\u00f3n de todos los procedimientos de trabajo (ii), en los productos y servicios ofrecidos (iii) en todos los contratos y obligaciones que formalicen o asuman y (iv) en la implantaci\u00f3n de cuantos sistemas y plataformas permitan el acceso de empleados o terceros y\/o la recogida o tratamiento de datos de car\u00e1cter personal.<\/p>\t\t\t\t\t\t<\/div>\n\t\t\t\t<\/div>\n\t\t\t\t<div class=\"elementor-element elementor-element-1dd1fba elementor-widget elementor-widget-heading\" data-id=\"1dd1fba\" data-element_type=\"widget\" data-widget_type=\"heading.default\">\n\t\t\t\t<div class=\"elementor-widget-container\">\n\t\t\t<h2 class=\"elementor-heading-title elementor-size-default\">4. Comproiso de los trabajadores<\/h2>\t\t<\/div>\n\t\t\t\t<\/div>\n\t\t\t\t<div class=\"elementor-element elementor-element-a23aefc elementor-widget elementor-widget-text-editor\" data-id=\"a23aefc\" data-element_type=\"widget\" data-widget_type=\"text-editor.default\">\n\t\t\t\t<div class=\"elementor-widget-container\">\n\t\t\t\t\t\t\t<p>Los trabajadores son informados de la presente Pol\u00edtica y se declaran conscientes de que la informaci\u00f3n de car\u00e1cter personal es un activo de la EMPRESA, y a este respecto se adhieren a ella, comprometi\u00e9ndose a lo siguiente:<\/p><p>\u00a0<\/p><p>1. Realizar la formaci\u00f3n de sensibilizaci\u00f3n en Protecci\u00f3n de datos que la EMPRESA pone a su disposici\u00f3n.<\/p><p><br \/>2. Aplicar las medidas de seguridad a nivel de usuario que apliquen a su puesto de trabajo, sin perjuicio de las responsabilidades en su dise\u00f1o e implantaci\u00f3n que se puedan pudieran atribu\u00edrsele en funci\u00f3n de su rol dentro de SEGURIDAD INTEGRAL SECOEX S.A.<\/p><p><br \/>3. Utilizar los formatos establecidos para el ejercicio de Derechos por parte de los afectados e informar a la EMPRESA de forma inmediata de modo que pueda hacerse efectiva la respuesta.<\/p><p><br \/>4. Informar a la EMPRESA, tan pronto tenga conocimiento, de desviaciones de lo establecido en esta Pol\u00edtica, en particular de \u00abViolaciones de seguridad de los datos personales\u00bb, utilizando para ello el formato establecido al efecto.<\/p>\t\t\t\t\t\t<\/div>\n\t\t\t\t<\/div>\n\t\t\t\t<div class=\"elementor-element elementor-element-450c31f elementor-widget elementor-widget-heading\" data-id=\"450c31f\" data-element_type=\"widget\" data-widget_type=\"heading.default\">\n\t\t\t\t<div class=\"elementor-widget-container\">\n\t\t\t<h2 class=\"elementor-heading-title elementor-size-default\">5. Control y evaluaci\u00f3n<\/h2>\t\t<\/div>\n\t\t\t\t<\/div>\n\t\t\t\t<div class=\"elementor-element elementor-element-3bd70bb elementor-widget elementor-widget-text-editor\" data-id=\"3bd70bb\" data-element_type=\"widget\" data-widget_type=\"text-editor.default\">\n\t\t\t\t<div class=\"elementor-widget-container\">\n\t\t\t\t\t\t\t<p>Se realizar\u00e1 una verificaci\u00f3n, evaluaci\u00f3n y valoraci\u00f3n anual, o cada vez que haya cambios significativos en los tratamientos de datos, de la eficacia de las medidas t\u00e9cnicas y organizativas para garantizar la seguridad del tratamiento.\u00a0<\/p>\t\t\t\t\t\t<\/div>\n\t\t\t\t<\/div>\n\t\t\t\t\t<\/div>\n\t\t<\/div>\n\t\t\t\t\t\t\t<\/div>\n\t\t<\/section>\n\t\t\t\t\t\t\t<\/div>\n\t\t","protected":false},"excerpt":{"rendered":"<p>POL\u00cdTICA DE PROTECCI\u00d3N DE DATOS SEGURIDAD INTEGRAL SECOEX S.A. (la \u00abEMPRESA\u00bb) es una Organizaci\u00f3n en la que se dan actividades de tratamientos de datos de car\u00e1cter personal, lo que le atribuye una importante responsabilidad en el dise\u00f1o y organizaci\u00f3n de procedimientos de modo que est\u00e9n alineados con el cumplimiento legal en esta materia.\u00a0 \u00a0 En&hellip; <a class=\"more-link\" href=\"https:\/\/gruposecoex.secoexrenovable.com\/index.php\/politica-de-proteccion-de-datos\/\">Seguir leyendo <span class=\"screen-reader-text\">Pol\u00edtica de Protecci\u00f3n de Datos<\/span><\/a><\/p>\n","protected":false},"author":1,"featured_media":0,"parent":0,"menu_order":0,"comment_status":"closed","ping_status":"closed","template":"elementor_header_footer","meta":{"footnotes":""},"class_list":["post-184","page","type-page","status-publish","hentry","entry"],"_links":{"self":[{"href":"https:\/\/gruposecoex.secoexrenovable.com\/index.php\/wp-json\/wp\/v2\/pages\/184","targetHints":{"allow":["GET"]}}],"collection":[{"href":"https:\/\/gruposecoex.secoexrenovable.com\/index.php\/wp-json\/wp\/v2\/pages"}],"about":[{"href":"https:\/\/gruposecoex.secoexrenovable.com\/index.php\/wp-json\/wp\/v2\/types\/page"}],"author":[{"embeddable":true,"href":"https:\/\/gruposecoex.secoexrenovable.com\/index.php\/wp-json\/wp\/v2\/users\/1"}],"replies":[{"embeddable":true,"href":"https:\/\/gruposecoex.secoexrenovable.com\/index.php\/wp-json\/wp\/v2\/comments?post=184"}],"version-history":[{"count":4,"href":"https:\/\/gruposecoex.secoexrenovable.com\/index.php\/wp-json\/wp\/v2\/pages\/184\/revisions"}],"predecessor-version":[{"id":188,"href":"https:\/\/gruposecoex.secoexrenovable.com\/index.php\/wp-json\/wp\/v2\/pages\/184\/revisions\/188"}],"wp:attachment":[{"href":"https:\/\/gruposecoex.secoexrenovable.com\/index.php\/wp-json\/wp\/v2\/media?parent=184"}],"curies":[{"name":"wp","href":"https:\/\/api.w.org\/{rel}","templated":true}]}}