{"id":174,"date":"2023-08-14T14:57:25","date_gmt":"2023-08-14T12:57:25","guid":{"rendered":"https:\/\/gruposecoex.secoexrenovable.com\/?page_id=174"},"modified":"2023-08-14T14:58:19","modified_gmt":"2023-08-14T12:58:19","slug":"noticias-grupo-secoex","status":"publish","type":"page","link":"https:\/\/gruposecoex.secoexrenovable.com\/index.php\/noticias-grupo-secoex\/","title":{"rendered":"Noticias Grupo Secoex"},"content":{"rendered":"\t\t<div data-elementor-type=\"wp-page\" data-elementor-id=\"174\" class=\"elementor elementor-174\" data-elementor-post-type=\"page\">\n\t\t\t\t\t\t\t\t\t<section class=\"elementor-section elementor-top-section elementor-element elementor-element-063e3b3 elementor-section-full_width elementor-section-height-default elementor-section-height-default\" data-id=\"063e3b3\" data-element_type=\"section\">\n\t\t\t\t\t\t<div class=\"elementor-container elementor-column-gap-no\">\n\t\t\t\t\t<div class=\"elementor-column elementor-col-100 elementor-top-column elementor-element elementor-element-4ef0960\" data-id=\"4ef0960\" data-element_type=\"column\">\n\t\t\t<div class=\"elementor-widget-wrap elementor-element-populated\">\n\t\t\t\t\t\t\t\t<div class=\"elementor-element elementor-element-38423ae elementor-widget elementor-widget-heading\" data-id=\"38423ae\" data-element_type=\"widget\" data-widget_type=\"heading.default\">\n\t\t\t\t<div class=\"elementor-widget-container\">\n\t\t\t<style>\/*! elementor - v3.15.0 - 09-08-2023 *\/\n.elementor-heading-title{padding:0;margin:0;line-height:1}.elementor-widget-heading .elementor-heading-title[class*=elementor-size-]>a{color:inherit;font-size:inherit;line-height:inherit}.elementor-widget-heading .elementor-heading-title.elementor-size-small{font-size:15px}.elementor-widget-heading .elementor-heading-title.elementor-size-medium{font-size:19px}.elementor-widget-heading .elementor-heading-title.elementor-size-large{font-size:29px}.elementor-widget-heading .elementor-heading-title.elementor-size-xl{font-size:39px}.elementor-widget-heading .elementor-heading-title.elementor-size-xxl{font-size:59px}<\/style><h1 class=\"elementor-heading-title elementor-size-default\"> <b>noticias <\/b> grupo secoex<\/h1>\t\t<\/div>\n\t\t\t\t<\/div>\n\t\t\t\t<div class=\"elementor-element elementor-element-7a49a81 elementor-widget-divider--view-line elementor-widget elementor-widget-divider\" data-id=\"7a49a81\" data-element_type=\"widget\" data-widget_type=\"divider.default\">\n\t\t\t\t<div class=\"elementor-widget-container\">\n\t\t\t<style>\/*! elementor - v3.15.0 - 09-08-2023 *\/\n.elementor-widget-divider{--divider-border-style:none;--divider-border-width:1px;--divider-color:#0c0d0e;--divider-icon-size:20px;--divider-element-spacing:10px;--divider-pattern-height:24px;--divider-pattern-size:20px;--divider-pattern-url:none;--divider-pattern-repeat:repeat-x}.elementor-widget-divider .elementor-divider{display:flex}.elementor-widget-divider .elementor-divider__text{font-size:15px;line-height:1;max-width:95%}.elementor-widget-divider .elementor-divider__element{margin:0 var(--divider-element-spacing);flex-shrink:0}.elementor-widget-divider .elementor-icon{font-size:var(--divider-icon-size)}.elementor-widget-divider .elementor-divider-separator{display:flex;margin:0;direction:ltr}.elementor-widget-divider--view-line_icon .elementor-divider-separator,.elementor-widget-divider--view-line_text .elementor-divider-separator{align-items:center}.elementor-widget-divider--view-line_icon .elementor-divider-separator:after,.elementor-widget-divider--view-line_icon .elementor-divider-separator:before,.elementor-widget-divider--view-line_text .elementor-divider-separator:after,.elementor-widget-divider--view-line_text .elementor-divider-separator:before{display:block;content:\"\";border-bottom:0;flex-grow:1;border-top:var(--divider-border-width) var(--divider-border-style) var(--divider-color)}.elementor-widget-divider--element-align-left .elementor-divider .elementor-divider-separator>.elementor-divider__svg:first-of-type{flex-grow:0;flex-shrink:100}.elementor-widget-divider--element-align-left .elementor-divider-separator:before{content:none}.elementor-widget-divider--element-align-left .elementor-divider__element{margin-left:0}.elementor-widget-divider--element-align-right .elementor-divider .elementor-divider-separator>.elementor-divider__svg:last-of-type{flex-grow:0;flex-shrink:100}.elementor-widget-divider--element-align-right .elementor-divider-separator:after{content:none}.elementor-widget-divider--element-align-right .elementor-divider__element{margin-right:0}.elementor-widget-divider:not(.elementor-widget-divider--view-line_text):not(.elementor-widget-divider--view-line_icon) .elementor-divider-separator{border-top:var(--divider-border-width) var(--divider-border-style) var(--divider-color)}.elementor-widget-divider--separator-type-pattern{--divider-border-style:none}.elementor-widget-divider--separator-type-pattern.elementor-widget-divider--view-line .elementor-divider-separator,.elementor-widget-divider--separator-type-pattern:not(.elementor-widget-divider--view-line) .elementor-divider-separator:after,.elementor-widget-divider--separator-type-pattern:not(.elementor-widget-divider--view-line) .elementor-divider-separator:before,.elementor-widget-divider--separator-type-pattern:not([class*=elementor-widget-divider--view]) .elementor-divider-separator{width:100%;min-height:var(--divider-pattern-height);-webkit-mask-size:var(--divider-pattern-size) 100%;mask-size:var(--divider-pattern-size) 100%;-webkit-mask-repeat:var(--divider-pattern-repeat);mask-repeat:var(--divider-pattern-repeat);background-color:var(--divider-color);-webkit-mask-image:var(--divider-pattern-url);mask-image:var(--divider-pattern-url)}.elementor-widget-divider--no-spacing{--divider-pattern-size:auto}.elementor-widget-divider--bg-round{--divider-pattern-repeat:round}.rtl .elementor-widget-divider .elementor-divider__text{direction:rtl}.e-con-inner>.elementor-widget-divider,.e-con>.elementor-widget-divider{width:var(--container-widget-width,100%);--flex-grow:var(--container-widget-flex-grow)}<\/style>\t\t<div class=\"elementor-divider\">\n\t\t\t<span class=\"elementor-divider-separator\">\n\t\t\t\t\t\t<\/span>\n\t\t<\/div>\n\t\t\t\t<\/div>\n\t\t\t\t<\/div>\n\t\t\t\t<section class=\"elementor-section elementor-inner-section elementor-element elementor-element-4011720 elementor-section-boxed elementor-section-height-default elementor-section-height-default\" data-id=\"4011720\" data-element_type=\"section\">\n\t\t\t\t\t\t<div class=\"elementor-container elementor-column-gap-default\">\n\t\t\t\t\t<div class=\"elementor-column elementor-col-100 elementor-inner-column elementor-element elementor-element-9d639f4\" data-id=\"9d639f4\" data-element_type=\"column\">\n\t\t\t<div class=\"elementor-widget-wrap elementor-element-populated\">\n\t\t\t\t\t\t\t\t<div class=\"elementor-element elementor-element-8cdedca elementor-posts--align-left elementor-widget-mobile__width-inherit elementor-grid-3 elementor-grid-tablet-2 elementor-grid-mobile-1 elementor-posts--thumbnail-top elementor-widget elementor-widget-posts\" data-id=\"8cdedca\" data-element_type=\"widget\" data-settings=\"{&quot;pagination_type&quot;:&quot;load_more_infinite_scroll&quot;,&quot;classic_columns&quot;:&quot;3&quot;,&quot;classic_columns_tablet&quot;:&quot;2&quot;,&quot;classic_columns_mobile&quot;:&quot;1&quot;,&quot;classic_row_gap&quot;:{&quot;unit&quot;:&quot;px&quot;,&quot;size&quot;:35,&quot;sizes&quot;:[]},&quot;classic_row_gap_tablet&quot;:{&quot;unit&quot;:&quot;px&quot;,&quot;size&quot;:&quot;&quot;,&quot;sizes&quot;:[]},&quot;classic_row_gap_mobile&quot;:{&quot;unit&quot;:&quot;px&quot;,&quot;size&quot;:&quot;&quot;,&quot;sizes&quot;:[]},&quot;load_more_spinner&quot;:{&quot;value&quot;:&quot;fas fa-spinner&quot;,&quot;library&quot;:&quot;fa-solid&quot;}}\" data-widget_type=\"posts.classic\">\n\t\t\t\t<div class=\"elementor-widget-container\">\n\t\t\t<link rel=\"stylesheet\" href=\"https:\/\/gruposecoex.secoexrenovable.com\/wp-content\/plugins\/elementor-pro\/assets\/css\/widget-posts.min.css\">\t\t<div class=\"elementor-posts-container elementor-posts elementor-posts--skin-classic elementor-grid\">\n\t\t\t\t<article class=\"elementor-post elementor-grid-item post-259 post type-post status-publish format-standard has-post-thumbnail hentry category-blog entry\">\n\t\t\t\t<a class=\"elementor-post__thumbnail__link\" href=\"https:\/\/gruposecoex.secoexrenovable.com\/index.php\/2023\/02\/07\/10-consejos-para-navegar-seguros-en-la-era-digital\/\" target=&quot;_blank&quot;>\n\t\t\t<div class=\"elementor-post__thumbnail\"><img loading=\"lazy\" decoding=\"async\" width=\"300\" height=\"300\" src=\"https:\/\/gruposecoex.secoexrenovable.com\/wp-content\/uploads\/2023\/08\/Navegar-Seguro-Grupo-Secoex_Mesa-de-trabajo-1-300x300.jpg\" class=\"attachment-medium size-medium wp-image-265\" alt=\"\" style=\"width:100%;height:100%;max-width:700px\" srcset=\"https:\/\/gruposecoex.secoexrenovable.com\/wp-content\/uploads\/2023\/08\/Navegar-Seguro-Grupo-Secoex_Mesa-de-trabajo-1-300x300.jpg 300w, https:\/\/gruposecoex.secoexrenovable.com\/wp-content\/uploads\/2023\/08\/Navegar-Seguro-Grupo-Secoex_Mesa-de-trabajo-1-150x150.jpg 150w, https:\/\/gruposecoex.secoexrenovable.com\/wp-content\/uploads\/2023\/08\/Navegar-Seguro-Grupo-Secoex_Mesa-de-trabajo-1.jpg 700w\" sizes=\"auto, (max-width: 300px) 100vw, 300px\" \/><\/div>\n\t\t<\/a>\n\t\t\t\t<div class=\"elementor-post__text\">\n\t\t\t\t<h1 class=\"elementor-post__title\">\n\t\t\t<a href=\"https:\/\/gruposecoex.secoexrenovable.com\/index.php\/2023\/02\/07\/10-consejos-para-navegar-seguros-en-la-era-digital\/\" target=&quot;_blank&quot;>\n\t\t\t\t10 Consejos para navegar seguros en la Era Digital\t\t\t<\/a>\n\t\t<\/h1>\n\t\t\t\t<div class=\"elementor-post__excerpt\">\n\t\t\t<p>Actualmente estamos sumergidos en un mundo digital en el que el uso de Internet est\u00e1 presente de forma constante en nuestro d\u00eda a d\u00eda por eso es esencial que todos conozcamos la forma de navegar seguros por Internet.<\/p>\n\t\t<\/div>\n\t\t\t\t\t<div class=\"elementor-post__read-more-wrapper\">\n\t\t\n\t\t<a class=\"elementor-post__read-more\" href=\"https:\/\/gruposecoex.secoexrenovable.com\/index.php\/2023\/02\/07\/10-consejos-para-navegar-seguros-en-la-era-digital\/\" aria-label=\"M\u00e1s informaci\u00f3n sobre 10 Consejos para navegar seguros en la Era Digital\" target=\"_blank\">\n\t\t\tLeer m\u00e1s \u00bb\t\t<\/a>\n\n\t\t\t\t\t<\/div>\n\t\t\t\t<\/div>\n\t\t\t\t<\/article>\n\t\t\t\t<article class=\"elementor-post elementor-grid-item post-268 post type-post status-publish format-standard has-post-thumbnail hentry category-blog entry\">\n\t\t\t\t<a class=\"elementor-post__thumbnail__link\" href=\"https:\/\/gruposecoex.secoexrenovable.com\/index.php\/2023\/02\/01\/como-evitar-un-incendio-domestico\/\" target=&quot;_blank&quot;>\n\t\t\t<div class=\"elementor-post__thumbnail\"><img loading=\"lazy\" decoding=\"async\" width=\"300\" height=\"300\" src=\"https:\/\/gruposecoex.secoexrenovable.com\/wp-content\/uploads\/2023\/08\/Incendio-Edificio-Grupo-Secoex_Mesa-de-trabajo-1-300x300.jpg\" class=\"attachment-medium size-medium wp-image-269\" alt=\"\" style=\"width:100%;height:100%;max-width:700px\" srcset=\"https:\/\/gruposecoex.secoexrenovable.com\/wp-content\/uploads\/2023\/08\/Incendio-Edificio-Grupo-Secoex_Mesa-de-trabajo-1-300x300.jpg 300w, https:\/\/gruposecoex.secoexrenovable.com\/wp-content\/uploads\/2023\/08\/Incendio-Edificio-Grupo-Secoex_Mesa-de-trabajo-1-150x150.jpg 150w, https:\/\/gruposecoex.secoexrenovable.com\/wp-content\/uploads\/2023\/08\/Incendio-Edificio-Grupo-Secoex_Mesa-de-trabajo-1.jpg 700w\" sizes=\"auto, (max-width: 300px) 100vw, 300px\" \/><\/div>\n\t\t<\/a>\n\t\t\t\t<div class=\"elementor-post__text\">\n\t\t\t\t<h1 class=\"elementor-post__title\">\n\t\t\t<a href=\"https:\/\/gruposecoex.secoexrenovable.com\/index.php\/2023\/02\/01\/como-evitar-un-incendio-domestico\/\" target=&quot;_blank&quot;>\n\t\t\t\t\u00bfC\u00f3mo evitar un incendio dom\u00e9stico?\t\t\t<\/a>\n\t\t<\/h1>\n\t\t\t\t<div class=\"elementor-post__excerpt\">\n\t\t\t<p>Los incendios dom\u00e9sticos son un peligro que todos debemos conocer. La mayor\u00eda de las ocasiones, los incendios dom\u00e9sticos se producen por accidente. Por eso, la mejor manera de evitar un incendio dom\u00e9stico es adoptando buenos h\u00e1bitos de seguridad que nos permitan evitar estas tragedias.<\/p>\n\t\t<\/div>\n\t\t\t\t\t<div class=\"elementor-post__read-more-wrapper\">\n\t\t\n\t\t<a class=\"elementor-post__read-more\" href=\"https:\/\/gruposecoex.secoexrenovable.com\/index.php\/2023\/02\/01\/como-evitar-un-incendio-domestico\/\" aria-label=\"M\u00e1s informaci\u00f3n sobre \u00bfC\u00f3mo evitar un incendio dom\u00e9stico?\" target=\"_blank\">\n\t\t\tLeer m\u00e1s \u00bb\t\t<\/a>\n\n\t\t\t\t\t<\/div>\n\t\t\t\t<\/div>\n\t\t\t\t<\/article>\n\t\t\t\t<article class=\"elementor-post elementor-grid-item post-271 post type-post status-publish format-standard has-post-thumbnail hentry category-blog entry\">\n\t\t\t\t<a class=\"elementor-post__thumbnail__link\" href=\"https:\/\/gruposecoex.secoexrenovable.com\/index.php\/2023\/01\/27\/la-proteccion-de-datos-en-internet-una-mirada-a-la-seguridad-de-los-usuarios\/\" target=&quot;_blank&quot;>\n\t\t\t<div class=\"elementor-post__thumbnail\"><img loading=\"lazy\" decoding=\"async\" width=\"300\" height=\"300\" src=\"https:\/\/gruposecoex.secoexrenovable.com\/wp-content\/uploads\/2023\/08\/Seguridad-en-Internet_Mesa-de-trabajo-1-300x300.jpg\" class=\"attachment-medium size-medium wp-image-272\" alt=\"\" style=\"width:100%;height:100%;max-width:700px\" srcset=\"https:\/\/gruposecoex.secoexrenovable.com\/wp-content\/uploads\/2023\/08\/Seguridad-en-Internet_Mesa-de-trabajo-1-300x300.jpg 300w, https:\/\/gruposecoex.secoexrenovable.com\/wp-content\/uploads\/2023\/08\/Seguridad-en-Internet_Mesa-de-trabajo-1-150x150.jpg 150w, https:\/\/gruposecoex.secoexrenovable.com\/wp-content\/uploads\/2023\/08\/Seguridad-en-Internet_Mesa-de-trabajo-1.jpg 700w\" sizes=\"auto, (max-width: 300px) 100vw, 300px\" \/><\/div>\n\t\t<\/a>\n\t\t\t\t<div class=\"elementor-post__text\">\n\t\t\t\t<h1 class=\"elementor-post__title\">\n\t\t\t<a href=\"https:\/\/gruposecoex.secoexrenovable.com\/index.php\/2023\/01\/27\/la-proteccion-de-datos-en-internet-una-mirada-a-la-seguridad-de-los-usuarios\/\" target=&quot;_blank&quot;>\n\t\t\t\tLa protecci\u00f3n de datos en Internet: una mirada a la seguridad de los usuarios\t\t\t<\/a>\n\t\t<\/h1>\n\t\t\t\t<div class=\"elementor-post__excerpt\">\n\t\t\t<p>La protecci\u00f3n de datos en Internet es un tema importante que todos los usuarios debemos conocer y entender para asegurar que nuestros datos est\u00e9n seguros y protegidos.<\/p>\n\t\t<\/div>\n\t\t\t\t\t<div class=\"elementor-post__read-more-wrapper\">\n\t\t\n\t\t<a class=\"elementor-post__read-more\" href=\"https:\/\/gruposecoex.secoexrenovable.com\/index.php\/2023\/01\/27\/la-proteccion-de-datos-en-internet-una-mirada-a-la-seguridad-de-los-usuarios\/\" aria-label=\"M\u00e1s informaci\u00f3n sobre La protecci\u00f3n de datos en Internet: una mirada a la seguridad de los usuarios\" target=\"_blank\">\n\t\t\tLeer m\u00e1s \u00bb\t\t<\/a>\n\n\t\t\t\t\t<\/div>\n\t\t\t\t<\/div>\n\t\t\t\t<\/article>\n\t\t\t\t<article class=\"elementor-post elementor-grid-item post-275 post type-post status-publish format-standard has-post-thumbnail hentry category-blog entry\">\n\t\t\t\t<a class=\"elementor-post__thumbnail__link\" href=\"https:\/\/gruposecoex.secoexrenovable.com\/index.php\/2022\/09\/28\/los-sistemas-automatizados-en-la-proteccion-contra-incendios\/\" target=&quot;_blank&quot;>\n\t\t\t<div class=\"elementor-post__thumbnail\"><img loading=\"lazy\" decoding=\"async\" width=\"300\" height=\"300\" src=\"https:\/\/gruposecoex.secoexrenovable.com\/wp-content\/uploads\/2023\/08\/Detector-Incendios_Mesa-de-trabajo-1-300x300.jpg\" class=\"attachment-medium size-medium wp-image-276\" alt=\"\" style=\"width:100%;height:100%;max-width:700px\" srcset=\"https:\/\/gruposecoex.secoexrenovable.com\/wp-content\/uploads\/2023\/08\/Detector-Incendios_Mesa-de-trabajo-1-300x300.jpg 300w, https:\/\/gruposecoex.secoexrenovable.com\/wp-content\/uploads\/2023\/08\/Detector-Incendios_Mesa-de-trabajo-1-150x150.jpg 150w, https:\/\/gruposecoex.secoexrenovable.com\/wp-content\/uploads\/2023\/08\/Detector-Incendios_Mesa-de-trabajo-1.jpg 700w\" sizes=\"auto, (max-width: 300px) 100vw, 300px\" \/><\/div>\n\t\t<\/a>\n\t\t\t\t<div class=\"elementor-post__text\">\n\t\t\t\t<h1 class=\"elementor-post__title\">\n\t\t\t<a href=\"https:\/\/gruposecoex.secoexrenovable.com\/index.php\/2022\/09\/28\/los-sistemas-automatizados-en-la-proteccion-contra-incendios\/\" target=&quot;_blank&quot;>\n\t\t\t\tLos sistemas automatizados en la protecci\u00f3n contra incendios\t\t\t<\/a>\n\t\t<\/h1>\n\t\t\t\t<div class=\"elementor-post__excerpt\">\n\t\t\t<p>Los sistemas de protecci\u00f3n contra incendios han evolucionado convirti\u00e9ndose en sistemas de automatizaci\u00f3n &#8216;inteligente&#8217; que permiten el control de todos los equipos al mismo tiempo y anticiparse a los hechos para evitar desgracias mayores. <\/p>\n\t\t<\/div>\n\t\t\t\t\t<div class=\"elementor-post__read-more-wrapper\">\n\t\t\n\t\t<a class=\"elementor-post__read-more\" href=\"https:\/\/gruposecoex.secoexrenovable.com\/index.php\/2022\/09\/28\/los-sistemas-automatizados-en-la-proteccion-contra-incendios\/\" aria-label=\"M\u00e1s informaci\u00f3n sobre Los sistemas automatizados en la protecci\u00f3n contra incendios\" target=\"_blank\">\n\t\t\tLeer m\u00e1s \u00bb\t\t<\/a>\n\n\t\t\t\t\t<\/div>\n\t\t\t\t<\/div>\n\t\t\t\t<\/article>\n\t\t\t\t<article class=\"elementor-post elementor-grid-item post-278 post type-post status-publish format-standard has-post-thumbnail hentry category-blog entry\">\n\t\t\t\t<a class=\"elementor-post__thumbnail__link\" href=\"https:\/\/gruposecoex.secoexrenovable.com\/index.php\/2022\/09\/22\/el-uso-de-la-inteligencia-artificial-en-videovigilancia\/\" target=&quot;_blank&quot;>\n\t\t\t<div class=\"elementor-post__thumbnail\"><img loading=\"lazy\" decoding=\"async\" width=\"300\" height=\"300\" src=\"https:\/\/gruposecoex.secoexrenovable.com\/wp-content\/uploads\/2023\/08\/VideoVigilancia_Mesa-de-trabajo-1-300x300.jpg\" class=\"attachment-medium size-medium wp-image-279\" alt=\"\" style=\"width:100%;height:100%;max-width:700px\" srcset=\"https:\/\/gruposecoex.secoexrenovable.com\/wp-content\/uploads\/2023\/08\/VideoVigilancia_Mesa-de-trabajo-1-300x300.jpg 300w, https:\/\/gruposecoex.secoexrenovable.com\/wp-content\/uploads\/2023\/08\/VideoVigilancia_Mesa-de-trabajo-1-150x150.jpg 150w, https:\/\/gruposecoex.secoexrenovable.com\/wp-content\/uploads\/2023\/08\/VideoVigilancia_Mesa-de-trabajo-1.jpg 700w\" sizes=\"auto, (max-width: 300px) 100vw, 300px\" \/><\/div>\n\t\t<\/a>\n\t\t\t\t<div class=\"elementor-post__text\">\n\t\t\t\t<h1 class=\"elementor-post__title\">\n\t\t\t<a href=\"https:\/\/gruposecoex.secoexrenovable.com\/index.php\/2022\/09\/22\/el-uso-de-la-inteligencia-artificial-en-videovigilancia\/\" target=&quot;_blank&quot;>\n\t\t\t\tEl uso de la Inteligencia Artificial en videovigilancia\t\t\t<\/a>\n\t\t<\/h1>\n\t\t\t\t<div class=\"elementor-post__excerpt\">\n\t\t\t<p>La IA se basa en sistemas tecnol\u00f3gicos combinados con algoritmos que trabajan imitando la manera en la que funciona el cerebro humano, para conseguir razonar, aprender y planificar de acuerdo a unos patrones previos. <\/p>\n\t\t<\/div>\n\t\t\t\t\t<div class=\"elementor-post__read-more-wrapper\">\n\t\t\n\t\t<a class=\"elementor-post__read-more\" href=\"https:\/\/gruposecoex.secoexrenovable.com\/index.php\/2022\/09\/22\/el-uso-de-la-inteligencia-artificial-en-videovigilancia\/\" aria-label=\"M\u00e1s informaci\u00f3n sobre El uso de la Inteligencia Artificial en videovigilancia\" target=\"_blank\">\n\t\t\tLeer m\u00e1s \u00bb\t\t<\/a>\n\n\t\t\t\t\t<\/div>\n\t\t\t\t<\/div>\n\t\t\t\t<\/article>\n\t\t\t\t<article class=\"elementor-post elementor-grid-item post-281 post type-post status-publish format-standard has-post-thumbnail hentry category-blog entry\">\n\t\t\t\t<a class=\"elementor-post__thumbnail__link\" href=\"https:\/\/gruposecoex.secoexrenovable.com\/index.php\/2022\/09\/12\/la-importancia-de-la-seguridad-en-los-centros-educativos\/\" target=&quot;_blank&quot;>\n\t\t\t<div class=\"elementor-post__thumbnail\"><img loading=\"lazy\" decoding=\"async\" width=\"300\" height=\"300\" src=\"https:\/\/gruposecoex.secoexrenovable.com\/wp-content\/uploads\/2023\/08\/Clase_Mesa-de-trabajo-1-300x300.jpg\" class=\"attachment-medium size-medium wp-image-282\" alt=\"\" style=\"width:100%;height:100%;max-width:700px\" srcset=\"https:\/\/gruposecoex.secoexrenovable.com\/wp-content\/uploads\/2023\/08\/Clase_Mesa-de-trabajo-1-300x300.jpg 300w, https:\/\/gruposecoex.secoexrenovable.com\/wp-content\/uploads\/2023\/08\/Clase_Mesa-de-trabajo-1-150x150.jpg 150w, https:\/\/gruposecoex.secoexrenovable.com\/wp-content\/uploads\/2023\/08\/Clase_Mesa-de-trabajo-1.jpg 700w\" sizes=\"auto, (max-width: 300px) 100vw, 300px\" \/><\/div>\n\t\t<\/a>\n\t\t\t\t<div class=\"elementor-post__text\">\n\t\t\t\t<h1 class=\"elementor-post__title\">\n\t\t\t<a href=\"https:\/\/gruposecoex.secoexrenovable.com\/index.php\/2022\/09\/12\/la-importancia-de-la-seguridad-en-los-centros-educativos\/\" target=&quot;_blank&quot;>\n\t\t\t\tLa importancia de la seguridad en los centros educativos\t\t\t<\/a>\n\t\t<\/h1>\n\t\t\t\t<div class=\"elementor-post__excerpt\">\n\t\t\t<p>Es importante recordar qu\u00e9 necesidades tienen que tener en cuenta los centros escolares para proporcionar la seguridad de sus alumnos y centros, independientemente de que sea un colegio, instituto o universidad.<\/p>\n\t\t<\/div>\n\t\t\t\t\t<div class=\"elementor-post__read-more-wrapper\">\n\t\t\n\t\t<a class=\"elementor-post__read-more\" href=\"https:\/\/gruposecoex.secoexrenovable.com\/index.php\/2022\/09\/12\/la-importancia-de-la-seguridad-en-los-centros-educativos\/\" aria-label=\"M\u00e1s informaci\u00f3n sobre La importancia de la seguridad en los centros educativos\" target=\"_blank\">\n\t\t\tLeer m\u00e1s \u00bb\t\t<\/a>\n\n\t\t\t\t\t<\/div>\n\t\t\t\t<\/div>\n\t\t\t\t<\/article>\n\t\t\t\t<\/div>\n\t\t\t\t\t<span class=\"e-load-more-spinner\">\n\t\t\t\t<i aria-hidden=\"true\" class=\"fas fa-spinner\"><\/i>\t\t\t<\/span>\n\t\t\n\t\t\t\t<div class=\"e-load-more-anchor\" data-page=\"1\" data-max-page=\"6\" data-next-page=\"https:\/\/gruposecoex.secoexrenovable.com\/index.php\/wp-json\/wp\/v2\/pages\/174\/page\/2\/\"><\/div>\n\t\t\t\t<div class=\"e-load-more-message\"><\/div>\n\t\t\t\t<\/div>\n\t\t\t\t<\/div>\n\t\t\t\t\t<\/div>\n\t\t<\/div>\n\t\t\t\t\t\t\t<\/div>\n\t\t<\/section>\n\t\t\t\t\t<\/div>\n\t\t<\/div>\n\t\t\t\t\t\t\t<\/div>\n\t\t<\/section>\n\t\t\t\t\t\t\t<\/div>\n\t\t","protected":false},"excerpt":{"rendered":"<p>noticias grupo secoex<\/p>\n","protected":false},"author":1,"featured_media":0,"parent":0,"menu_order":0,"comment_status":"closed","ping_status":"closed","template":"elementor_header_footer","meta":{"footnotes":""},"class_list":["post-174","page","type-page","status-publish","hentry","entry"],"_links":{"self":[{"href":"https:\/\/gruposecoex.secoexrenovable.com\/index.php\/wp-json\/wp\/v2\/pages\/174","targetHints":{"allow":["GET"]}}],"collection":[{"href":"https:\/\/gruposecoex.secoexrenovable.com\/index.php\/wp-json\/wp\/v2\/pages"}],"about":[{"href":"https:\/\/gruposecoex.secoexrenovable.com\/index.php\/wp-json\/wp\/v2\/types\/page"}],"author":[{"embeddable":true,"href":"https:\/\/gruposecoex.secoexrenovable.com\/index.php\/wp-json\/wp\/v2\/users\/1"}],"replies":[{"embeddable":true,"href":"https:\/\/gruposecoex.secoexrenovable.com\/index.php\/wp-json\/wp\/v2\/comments?post=174"}],"version-history":[{"count":4,"href":"https:\/\/gruposecoex.secoexrenovable.com\/index.php\/wp-json\/wp\/v2\/pages\/174\/revisions"}],"predecessor-version":[{"id":178,"href":"https:\/\/gruposecoex.secoexrenovable.com\/index.php\/wp-json\/wp\/v2\/pages\/174\/revisions\/178"}],"wp:attachment":[{"href":"https:\/\/gruposecoex.secoexrenovable.com\/index.php\/wp-json\/wp\/v2\/media?parent=174"}],"curies":[{"name":"wp","href":"https:\/\/api.w.org\/{rel}","templated":true}]}}